{"id":6,"date":"2026-01-08T02:25:33","date_gmt":"2026-01-08T01:25:33","guid":{"rendered":"https:\/\/proste-finanse.com.pl\/?page_id=6"},"modified":"2026-02-14T19:30:28","modified_gmt":"2026-02-14T18:30:28","slug":"strona-glowna","status":"publish","type":"page","link":"https:\/\/proste-finanse.com.pl\/","title":{"rendered":"Proste Finanse &#8211; por\u00f3wnanie kont, po\u017cyczek i oszcz\u0119dno\u015bci"},"content":{"rendered":"\n<h2 class=\"wp-block-heading has-accent-4-color has-text-color has-link-color wp-elements-3ae2c83818c906527028e36f1acddfaa\">Por\u00f3wnuj finanse bez bankowej gadki. Prosto i bez ukrytych op\u0142at.<\/h2>\n\n\n\n<p class=\"has-accent-1-color has-accent-4-background-color has-text-color has-background has-link-color has-medium-font-size wp-elements-a2aed242b66ac08c889903238e36c70f\" style=\"border-top-left-radius:48px;border-top-right-radius:48px;border-bottom-left-radius:48px;border-bottom-right-radius:48px\"><\/p>\n\n\n\n<p><\/p>\n\n\n\n<p>Witam,<\/p>\n\n\n\n<p>Z tej strony Pawe\u0142, chcia\u0142bym opowiedzie\u0107  o jak wa\u017cnych w dzisiejszym \u015bwiecie temacie &#8222;Finanse&#8221;. Przygotowa\u0142em kilka wskaz\u00f3wek.<\/p>\n\n\n\n<p>Por\u00f3wnania kont osobistych, po\u017cyczek i oszcz\u0119dno\u015bci \u2013 bez bankowej gadki, prosto i czytelnie,  w jednym miejscu.<\/p>\n\n\n\n<p>Zbieram i aktualizuj\u0119 oferty, \u017ceby\u015b m\u00f3g\u0142 por\u00f3wna\u0107 warunki i unikn\u0105\u0107 zb\u0119dnych op\u0142at.<\/p>\n\n\n\n<p>Informacje maj\u0105 charakter informacyjny i nie stanowi\u0105 porady finansowej.<\/p>\n\n\n\n<p>Na stronie znajdziesz:<\/p>\n\n\n\n<p class=\"has-base-color has-accent-4-background-color has-text-color has-background has-link-color wp-elements-8ace88058778901a8c7bb3bbdf6e8451\" style=\"border-top-left-radius:91px;border-top-right-radius:91px;border-bottom-left-radius:91px;border-bottom-right-radius:91px\">1. <strong>konta osobiste bez zb\u0119dnych op\u0142at<\/strong>:<\/p>\n\n\n\n<p>Zestawienie aktualnych kont osobistych wraz z op\u0142atami, warunkami i funkcjami.<\/p>\n\n\n\n<p class=\"has-accent-1-color has-accent-4-background-color has-text-color has-background has-link-color has-medium-font-size wp-elements-583204b9790c04963f23decfd16ec0c6\" style=\"border-top-left-radius:28px;border-top-right-radius:28px;border-bottom-left-radius:28px;border-bottom-right-radius:28px\">\ud83d\udc49<a href=\"https:\/\/proste-finanse.com.pl\/?page_id=9\" data-type=\"page\" data-id=\"9\" target=\"_blank\" rel=\"noreferrer noopener\">Sprawd\u017a konta osobiste<\/a><\/p>\n\n\n\n<p class=\"has-base-color has-contrast-background-color has-text-color has-background has-link-color has-medium-font-size wp-elements-0a3826d1c84327ae358a31df34763d0b\" style=\"border-top-left-radius:88px;border-top-right-radius:88px;border-bottom-left-radius:88px;border-bottom-right-radius:88px\">2. po\u017cyczki i kredyty <\/p>\n\n\n\n<p>Informacyjne por\u00f3wnania po\u017cyczek i kredyt\u00f3w &#8211; na co zwr\u00f3ci\u0107 uwag\u0119 przed decyzj\u0105<\/p>\n\n\n\n<p class=\"has-accent-1-color has-accent-4-background-color has-text-color has-background has-link-color has-medium-font-size wp-elements-4c891bdd5a1cb068fd8d726261393cbb\" style=\"border-top-left-radius:28px;border-top-right-radius:28px;border-bottom-left-radius:28px;border-bottom-right-radius:28px\">\ud83d\udc49<a href=\"https:\/\/proste-finanse.com.pl\/?page_id=11\" data-type=\"page\" data-id=\"11\" target=\"_blank\" rel=\"noreferrer noopener\">Sprawd\u017a po\u017cyczki i kredyty<\/a><\/p>\n\n\n\n<p><\/p>\n\n\n\n<p class=\"has-base-color has-contrast-background-color has-text-color has-background has-link-color wp-elements-94ed7209010df39872c4e46450ac327b\" style=\"border-top-left-radius:94px;border-top-right-radius:94px;border-bottom-left-radius:94px;border-bottom-right-radius:94px\">3. Oszcz\u0119dno\u015bci<\/p>\n\n\n\n<p>Lokaty i konta oszcz\u0119dno\u015bciowe &#8211; proste por\u00f3wnanie oprocentowania i zasad.<\/p>\n\n\n\n<p class=\"has-accent-1-color has-accent-4-background-color has-text-color has-background has-link-color has-medium-font-size wp-elements-a3cfad95305e99f27d5aef6d0d663c08\" style=\"border-top-left-radius:25px;border-top-right-radius:25px;border-bottom-left-radius:25px;border-bottom-right-radius:25px\">\ud83d\udc49 <a href=\"https:\/\/proste-finanse.com.pl\/?page_id=13\" data-type=\"page\" data-id=\"13\" target=\"_blank\" rel=\"noreferrer noopener\">Sprawd\u017a oszcz\u0119dno\u015bci<\/a><\/p>\n\n\n\n<p>Mo\u017ce r\u00f3wnie\u017c zainteresuje ciebie Moda\/telekomunikacja<\/p>\n\n\n\n<p class=\"has-base-color has-accent-4-background-color has-text-color has-background has-link-color has-medium-font-size wp-elements-fccc58e200e609ac7ae0a4dfd1eab2f2\" style=\"border-top-left-radius:30px;border-top-right-radius:30px;border-bottom-left-radius:30px;border-bottom-right-radius:30px\"> \ud83d\udc49<a href=\"https:\/\/rankingi.leadstar.com.pl\/ranking?pra_id=112&amp;pra_hash=97e0e8dcc2c7d687\" target=\"_blank\" rel=\"noreferrer noopener\">Moda<\/a><\/p>\n\n\n\n<p class=\"has-contrast-color has-accent-6-background-color has-text-color has-background has-link-color has-medium-font-size wp-elements-b61233e687ea9badeb8f39060b3c0de0\" style=\"border-top-left-radius:31px;border-top-right-radius:31px;border-bottom-left-radius:31px;border-bottom-right-radius:31px\">\ud83d\udc49<a href=\"https:\/\/leadstar.pl\/lp?pid=69060&amp;tid=0&amp;ha=3883122359&amp;prdid=21&amp;lp_version=1\" target=\"_blank\" rel=\"noreferrer noopener\">Telekumunikacja<\/a><\/p>\n\n\n\n<p class=\"has-base-color has-accent-4-background-color has-text-color has-background has-link-color has-medium-font-size wp-elements-8e7fa0de2ed07199811db51dd061cb54\" style=\"border-top-left-radius:37px;border-top-right-radius:37px;border-bottom-left-radius:37px;border-bottom-right-radius:37px\">\ud83d\udc49<a href=\"https:\/\/wiejka.oferty-kredytowe.pl\/\" target=\"_blank\" rel=\"noopener\">sprawd\u017a szczeg\u00f3\u0142y<\/a><\/p>\n\n\n\n<p class=\"has-accent-1-color has-accent-4-background-color has-text-color has-background has-link-color has-medium-font-size wp-elements-b3025b5ceaab8bba1672d8b7cd603b85\" style=\"border-top-left-radius:30px;border-top-right-radius:30px;border-bottom-left-radius:30px;border-bottom-right-radius:30px\">\ud83d\udc49<a href=\"https:\/\/pablo02.ebrokerpartner.pl\" target=\"_blank\" rel=\"noopener\">polecam<\/a><\/p>\n\n\n\n<p class=\"has-base-color has-accent-4-background-color has-text-color has-background has-link-color has-medium-font-size wp-elements-41cb42efceaaec99445d5bd909fff872\" style=\"border-top-left-radius:35px;border-top-right-radius:35px;border-bottom-left-radius:35px;border-bottom-right-radius:35px\">\ud83d\udc49<a href=\"https:\/\/nplink.net\/83m7mr0m\" target=\"_blank\" rel=\"noopener\">dla \u0107wicz\u0105cych<\/a><\/p>\n\n\n\n<p>Ka\u017cda kategoria jest aktualizowana na bie\u017c\u0105co.<\/p>\n\n\n\n<p><strong>Jak korzysta\u0107 z serwisu<\/strong>.<\/p>\n\n\n\n<p>Przejd\u017a do szczeg\u00f3\u0142\u00f3w wybranej propozycji.<\/p>\n\n\n\n<p>Wybierz kategori\u0119, kt\u00f3ra Ci\u0119 interesuje.<\/p>\n\n\n\n<p>Informacje na stronie maj\u0105 charakter informacyjny i nie stanowi\u0105 porady finansowej. Przed podj\u0119ciem decyzji warto zapozna\u0107 si\u0119 z regulaminem instytucji finansowej.<\/p>\n\n\n\n<p><\/p>\n\n\n\n<p><\/p>\n","protected":false},"excerpt":{"rendered":"<p>Por\u00f3wnuj finanse bez bankowej gadki. Prosto i bez ukrytych op\u0142at. Witam, Z tej strony Pawe\u0142, chcia\u0142bym opowiedzie\u0107 o jak wa\u017cnych [&hellip;]<\/p>\n","protected":false},"author":1,"featured_media":0,"parent":0,"menu_order":1,"comment_status":"closed","ping_status":"closed","template":"","meta":{"site-sidebar-layout":"default","site-content-layout":"","ast-site-content-layout":"default","site-content-style":"default","site-sidebar-style":"default","ast-global-header-display":"","ast-banner-title-visibility":"","ast-main-header-display":"","ast-hfb-above-header-display":"","ast-hfb-below-header-display":"","ast-hfb-mobile-header-display":"","site-post-title":"","ast-breadcrumbs-content":"","ast-featured-img":"","footer-sml-layout":"","ast-disable-related-posts":"","theme-transparent-header-meta":"","adv-header-id-meta":"","stick-header-meta":"","header-above-stick-meta":"","header-main-stick-meta":"","header-below-stick-meta":"","astra-migrate-meta-layouts":"default","ast-page-background-enabled":"default","ast-page-background-meta":{"desktop":{"background-color":"var(--ast-global-color-5)","background-image":"","background-repeat":"repeat","background-position":"center center","background-size":"auto","background-attachment":"scroll","background-type":"","background-media":"","overlay-type":"","overlay-color":"","overlay-opacity":"","overlay-gradient":""},"tablet":{"background-color":"","background-image":"","background-repeat":"repeat","background-position":"center center","background-size":"auto","background-attachment":"scroll","background-type":"","background-media":"","overlay-type":"","overlay-color":"","overlay-opacity":"","overlay-gradient":""},"mobile":{"background-color":"","background-image":"","background-repeat":"repeat","background-position":"center center","background-size":"auto","background-attachment":"scroll","background-type":"","background-media":"","overlay-type":"","overlay-color":"","overlay-opacity":"","overlay-gradient":""}},"ast-content-background-meta":{"desktop":{"background-color":"var(--ast-global-color-4)","background-image":"","background-repeat":"repeat","background-position":"center center","background-size":"auto","background-attachment":"scroll","background-type":"","background-media":"","overlay-type":"","overlay-color":"","overlay-opacity":"","overlay-gradient":""},"tablet":{"background-color":"var(--ast-global-color-4)","background-image":"","background-repeat":"repeat","background-position":"center center","background-size":"auto","background-attachment":"scroll","background-type":"","background-media":"","overlay-type":"","overlay-color":"","overlay-opacity":"","overlay-gradient":""},"mobile":{"background-color":"var(--ast-global-color-4)","background-image":"","background-repeat":"repeat","background-position":"center center","background-size":"auto","background-attachment":"scroll","background-type":"","background-media":"","overlay-type":"","overlay-color":"","overlay-opacity":"","overlay-gradient":""}},"footnotes":""},"class_list":["post-6","page","type-page","status-publish","hentry"],"_links":{"self":[{"href":"https:\/\/proste-finanse.com.pl\/index.php?rest_route=\/wp\/v2\/pages\/6","targetHints":{"allow":["GET"]}}],"collection":[{"href":"https:\/\/proste-finanse.com.pl\/index.php?rest_route=\/wp\/v2\/pages"}],"about":[{"href":"https:\/\/proste-finanse.com.pl\/index.php?rest_route=\/wp\/v2\/types\/page"}],"author":[{"embeddable":true,"href":"https:\/\/proste-finanse.com.pl\/index.php?rest_route=\/wp\/v2\/users\/1"}],"replies":[{"embeddable":true,"href":"https:\/\/proste-finanse.com.pl\/index.php?rest_route=%2Fwp%2Fv2%2Fcomments&post=6"}],"version-history":[{"count":19,"href":"https:\/\/proste-finanse.com.pl\/index.php?rest_route=\/wp\/v2\/pages\/6\/revisions"}],"predecessor-version":[{"id":121,"href":"https:\/\/proste-finanse.com.pl\/index.php?rest_route=\/wp\/v2\/pages\/6\/revisions\/121"}],"wp:attachment":[{"href":"https:\/\/proste-finanse.com.pl\/index.php?rest_route=%2Fwp%2Fv2%2Fmedia&parent=6"}],"curies":[{"name":"wp","href":"https:\/\/api.w.org\/{rel}","templated":true}]}}