{"id":11,"date":"2026-01-08T02:29:56","date_gmt":"2026-01-08T01:29:56","guid":{"rendered":"https:\/\/proste-finanse.com.pl\/?page_id=11"},"modified":"2026-02-14T19:38:08","modified_gmt":"2026-02-14T18:38:08","slug":"pozyczki-i-kredyty","status":"publish","type":"page","link":"https:\/\/proste-finanse.com.pl\/?page_id=11","title":{"rendered":"Po\u017cyczki i kredyty"},"content":{"rendered":"\n<p>Por\u00f3wnania wybranych ofert po\u017cyczek i kredyt\u00f3w:<\/p>\n\n\n\n<ul class=\"wp-block-list\">\n<li>koszty ca\u0142kowite<\/li>\n\n\n\n<li>RRSO<\/li>\n\n\n\n<li>warunki sp\u0142aty<\/li>\n\n\n\n<li>prowizja<\/li>\n\n\n\n<li>warunki wcze\u015bniejszej sp\u0142aty<br>Na tej stronie zebra\u0142em aktualne oferty Po\u017cyczek i kredyt\u00f3w dost\u0119pnych na rynku.<br>Zestawienie ma charakter informacyjny i ma pom\u00f3c w szybkim por\u00f3wnaniu podstawowych warunk\u00f3w, takich jak op\u0142aty, wymagania i dost\u0119pne funkcje.<br>Nie promuj\u0119 jednego banku \u2013 skupiam si\u0119 na czytelnym por\u00f3wnaniu i prostych informacjach.<br><strong>Jak wybiera\u0107 konto osobiste<\/strong>.<br><br>Przy wyborze po\u017cyczki\/kredytu warto zwr\u00f3ci\u0107 uwag\u0119 na kilka kluczowych element\u00f3w:<br><br>op\u0142aty zwi\u0105zane z po\u017cyczk\u0105\/kredytem<br>warunki wcze\u015bniejszej sp\u0142aty, prowizje.<br>Dopiero ca\u0142o\u015b\u0107 tych element\u00f3w pokazuje, czy po\u017cyczka\/kredyt tobie odpowiada.<br><strong>Aktualne oferty kont osobistych<\/strong><br><br>Poni\u017cej znajduj\u0105 si\u0119 wybrane oferty po\u017cyczek\/kredyt\u00f3w.<br>Przy ka\u017cdej ofercie warto sprawdzi\u0107 aktualne warunki bezpo\u015brednio na stronie banku<\/li>\n<\/ul>\n\n\n\n<p class=\"has-base-color has-accent-4-background-color has-text-color has-background has-link-color has-large-font-size wp-elements-bc46f137396dfe29c4eec48b4c1990dc\" style=\"border-top-left-radius:43px;border-top-right-radius:43px;border-bottom-left-radius:43px;border-bottom-right-radius:43px\">\ud83d\udc49<a href=\"https:\/\/najpromki.pasaz-ofert.pl\/kredyty-gotowkowe\" target=\"_blank\" rel=\"noreferrer noopener\">sprawd\u017a tu<\/a><\/p>\n\n\n\n<p>Informacje aktualne na dzie\u0144 publikacji. Szczeg\u00f3\u0142y oferty dost\u0119pne na stronie banku.<\/p>\n\n\n\n<p><\/p>\n\n\n\n<p>Informacje zawarte na stronie maj\u0105 charakter informacyjny i nie stanowi\u0105 porady finansowej.<\/p>\n\n\n\n<p>Przed podj\u0119ciem decyzji warto zapozna\u0107 si\u0119 z aktualnym regulaminem oferty.<\/p>\n\n\n\n<p><\/p>\n","protected":false},"excerpt":{"rendered":"<p>Por\u00f3wnania wybranych ofert po\u017cyczek i kredyt\u00f3w: \ud83d\udc49sprawd\u017a tu Informacje aktualne na dzie\u0144 publikacji. Szczeg\u00f3\u0142y oferty dost\u0119pne na stronie banku. Informacje [&hellip;]<\/p>\n","protected":false},"author":1,"featured_media":0,"parent":0,"menu_order":3,"comment_status":"closed","ping_status":"closed","template":"","meta":{"site-sidebar-layout":"default","site-content-layout":"","ast-site-content-layout":"default","site-content-style":"default","site-sidebar-style":"default","ast-global-header-display":"","ast-banner-title-visibility":"","ast-main-header-display":"","ast-hfb-above-header-display":"","ast-hfb-below-header-display":"","ast-hfb-mobile-header-display":"","site-post-title":"","ast-breadcrumbs-content":"","ast-featured-img":"","footer-sml-layout":"","ast-disable-related-posts":"","theme-transparent-header-meta":"","adv-header-id-meta":"","stick-header-meta":"","header-above-stick-meta":"","header-main-stick-meta":"","header-below-stick-meta":"","astra-migrate-meta-layouts":"default","ast-page-background-enabled":"default","ast-page-background-meta":{"desktop":{"background-color":"var(--ast-global-color-5)","background-image":"","background-repeat":"repeat","background-position":"center center","background-size":"auto","background-attachment":"scroll","background-type":"","background-media":"","overlay-type":"","overlay-color":"","overlay-opacity":"","overlay-gradient":""},"tablet":{"background-color":"","background-image":"","background-repeat":"repeat","background-position":"center center","background-size":"auto","background-attachment":"scroll","background-type":"","background-media":"","overlay-type":"","overlay-color":"","overlay-opacity":"","overlay-gradient":""},"mobile":{"background-color":"","background-image":"","background-repeat":"repeat","background-position":"center center","background-size":"auto","background-attachment":"scroll","background-type":"","background-media":"","overlay-type":"","overlay-color":"","overlay-opacity":"","overlay-gradient":""}},"ast-content-background-meta":{"desktop":{"background-color":"var(--ast-global-color-4)","background-image":"","background-repeat":"repeat","background-position":"center center","background-size":"auto","background-attachment":"scroll","background-type":"","background-media":"","overlay-type":"","overlay-color":"","overlay-opacity":"","overlay-gradient":""},"tablet":{"background-color":"var(--ast-global-color-4)","background-image":"","background-repeat":"repeat","background-position":"center center","background-size":"auto","background-attachment":"scroll","background-type":"","background-media":"","overlay-type":"","overlay-color":"","overlay-opacity":"","overlay-gradient":""},"mobile":{"background-color":"var(--ast-global-color-4)","background-image":"","background-repeat":"repeat","background-position":"center center","background-size":"auto","background-attachment":"scroll","background-type":"","background-media":"","overlay-type":"","overlay-color":"","overlay-opacity":"","overlay-gradient":""}},"footnotes":""},"class_list":["post-11","page","type-page","status-publish","hentry"],"_links":{"self":[{"href":"https:\/\/proste-finanse.com.pl\/index.php?rest_route=\/wp\/v2\/pages\/11","targetHints":{"allow":["GET"]}}],"collection":[{"href":"https:\/\/proste-finanse.com.pl\/index.php?rest_route=\/wp\/v2\/pages"}],"about":[{"href":"https:\/\/proste-finanse.com.pl\/index.php?rest_route=\/wp\/v2\/types\/page"}],"author":[{"embeddable":true,"href":"https:\/\/proste-finanse.com.pl\/index.php?rest_route=\/wp\/v2\/users\/1"}],"replies":[{"embeddable":true,"href":"https:\/\/proste-finanse.com.pl\/index.php?rest_route=%2Fwp%2Fv2%2Fcomments&post=11"}],"version-history":[{"count":11,"href":"https:\/\/proste-finanse.com.pl\/index.php?rest_route=\/wp\/v2\/pages\/11\/revisions"}],"predecessor-version":[{"id":123,"href":"https:\/\/proste-finanse.com.pl\/index.php?rest_route=\/wp\/v2\/pages\/11\/revisions\/123"}],"wp:attachment":[{"href":"https:\/\/proste-finanse.com.pl\/index.php?rest_route=%2Fwp%2Fv2%2Fmedia&parent=11"}],"curies":[{"name":"wp","href":"https:\/\/api.w.org\/{rel}","templated":true}]}}